{"id":106,"date":"2017-03-03T10:13:06","date_gmt":"2017-03-03T10:13:06","guid":{"rendered":"http:\/\/buergerbahnhof-gauting.de\/?page_id=106"},"modified":"2020-02-05T16:49:11","modified_gmt":"2020-02-05T15:49:11","slug":"presse","status":"publish","type":"page","link":"https:\/\/buergerbahnhof-gauting.de\/?page_id=106","title":{"rendered":"Presse"},"content":{"rendered":"<hr \/>\n<p>05.02.2020 SZ STA<\/p>\n<p><a href=\"http:\/\/buergerbahnhof-gauting.de\/wp-content\/uploads\/2020\/02\/SZ-5.2.20-Frischer-Anstrich.jpg\"><img loading=\"lazy\" decoding=\"async\" class=\"size-large wp-image-341 aligncenter\" src=\"http:\/\/buergerbahnhof-gauting.de\/wp-content\/uploads\/2020\/02\/SZ-5.2.20-Frischer-Anstrich-558x1024.jpg\" alt=\"\" width=\"558\" height=\"1024\" srcset=\"https:\/\/buergerbahnhof-gauting.de\/wp-content\/uploads\/2020\/02\/SZ-5.2.20-Frischer-Anstrich-558x1024.jpg 558w, https:\/\/buergerbahnhof-gauting.de\/wp-content\/uploads\/2020\/02\/SZ-5.2.20-Frischer-Anstrich-163x300.jpg 163w, https:\/\/buergerbahnhof-gauting.de\/wp-content\/uploads\/2020\/02\/SZ-5.2.20-Frischer-Anstrich-768x1409.jpg 768w, https:\/\/buergerbahnhof-gauting.de\/wp-content\/uploads\/2020\/02\/SZ-5.2.20-Frischer-Anstrich-82x150.jpg 82w, https:\/\/buergerbahnhof-gauting.de\/wp-content\/uploads\/2020\/02\/SZ-5.2.20-Frischer-Anstrich.jpg 776w\" sizes=\"auto, (max-width: 558px) 100vw, 558px\" \/><\/a><\/p>\n<hr \/>\n<p>30.01.2020\u00a0 MM STA<\/p>\n<p><a href=\"http:\/\/buergerbahnhof-gauting.de\/wp-content\/uploads\/2020\/01\/MM-30.01.20-Abriss-Bahnhof-vom-Tisch.jpg\"><img loading=\"lazy\" decoding=\"async\" class=\"aligncenter size-full wp-image-338\" src=\"http:\/\/buergerbahnhof-gauting.de\/wp-content\/uploads\/2020\/01\/MM-30.01.20-Abriss-Bahnhof-vom-Tisch.jpg\" alt=\"\" width=\"357\" height=\"854\" srcset=\"https:\/\/buergerbahnhof-gauting.de\/wp-content\/uploads\/2020\/01\/MM-30.01.20-Abriss-Bahnhof-vom-Tisch.jpg 357w, https:\/\/buergerbahnhof-gauting.de\/wp-content\/uploads\/2020\/01\/MM-30.01.20-Abriss-Bahnhof-vom-Tisch-125x300.jpg 125w, https:\/\/buergerbahnhof-gauting.de\/wp-content\/uploads\/2020\/01\/MM-30.01.20-Abriss-Bahnhof-vom-Tisch-63x150.jpg 63w\" sizes=\"auto, (max-width: 357px) 100vw, 357px\" \/><\/a><\/p>\n<hr \/>\n<p>10.10.2019 SZ STA<\/p>\n<p><a href=\"http:\/\/buergerbahnhof-gauting.de\/wp-content\/uploads\/2019\/10\/SZ-STA-N\u00e4chster-Halt-B\u00fcrgerbahnhof.jpg\"><img loading=\"lazy\" decoding=\"async\" class=\"aligncenter wp-image-318 size-large\" src=\"http:\/\/buergerbahnhof-gauting.de\/wp-content\/uploads\/2019\/10\/SZ-STA-N\u00e4chster-Halt-B\u00fcrgerbahnhof-1024x930.jpg\" alt=\"\" width=\"700\" height=\"636\" srcset=\"https:\/\/buergerbahnhof-gauting.de\/wp-content\/uploads\/2019\/10\/SZ-STA-N\u00e4chster-Halt-B\u00fcrgerbahnhof-1024x930.jpg 1024w, https:\/\/buergerbahnhof-gauting.de\/wp-content\/uploads\/2019\/10\/SZ-STA-N\u00e4chster-Halt-B\u00fcrgerbahnhof-300x272.jpg 300w, https:\/\/buergerbahnhof-gauting.de\/wp-content\/uploads\/2019\/10\/SZ-STA-N\u00e4chster-Halt-B\u00fcrgerbahnhof-768x697.jpg 768w, https:\/\/buergerbahnhof-gauting.de\/wp-content\/uploads\/2019\/10\/SZ-STA-N\u00e4chster-Halt-B\u00fcrgerbahnhof-150x136.jpg 150w, https:\/\/buergerbahnhof-gauting.de\/wp-content\/uploads\/2019\/10\/SZ-STA-N\u00e4chster-Halt-B\u00fcrgerbahnhof.jpg 1927w\" sizes=\"auto, (max-width: 700px) 100vw, 700px\" \/><\/a><\/p>\n<hr \/>\n<p>17.07.2019<\/p>\n<p><a href=\"http:\/\/buergerbahnhof-gauting.de\/wp-content\/uploads\/2019\/07\/W\u00fcrmtal-17.07.19-Rund-ums-Genossenschaftsmodell.jpg\"><img loading=\"lazy\" decoding=\"async\" class=\"aligncenter size-full wp-image-313\" src=\"http:\/\/buergerbahnhof-gauting.de\/wp-content\/uploads\/2019\/07\/W\u00fcrmtal-17.07.19-Rund-ums-Genossenschaftsmodell.jpg\" alt=\"\" width=\"489\" height=\"998\" srcset=\"https:\/\/buergerbahnhof-gauting.de\/wp-content\/uploads\/2019\/07\/W\u00fcrmtal-17.07.19-Rund-ums-Genossenschaftsmodell.jpg 489w, https:\/\/buergerbahnhof-gauting.de\/wp-content\/uploads\/2019\/07\/W\u00fcrmtal-17.07.19-Rund-ums-Genossenschaftsmodell-147x300.jpg 147w, https:\/\/buergerbahnhof-gauting.de\/wp-content\/uploads\/2019\/07\/W\u00fcrmtal-17.07.19-Rund-ums-Genossenschaftsmodell-73x150.jpg 73w\" sizes=\"auto, (max-width: 489px) 100vw, 489px\" \/><\/a><\/p>\n<hr \/>\n<p>17.07.2019<\/p>\n<p><a href=\"http:\/\/buergerbahnhof-gauting.de\/wp-content\/uploads\/2019\/07\/MM-STA-17.07.19-Genossenschaftsidee-findet-Anklang.jpg\"><img loading=\"lazy\" decoding=\"async\" class=\"aligncenter size-full wp-image-307\" src=\"http:\/\/buergerbahnhof-gauting.de\/wp-content\/uploads\/2019\/07\/MM-STA-17.07.19-Genossenschaftsidee-findet-Anklang.jpg\" alt=\"\" width=\"508\" height=\"728\" srcset=\"https:\/\/buergerbahnhof-gauting.de\/wp-content\/uploads\/2019\/07\/MM-STA-17.07.19-Genossenschaftsidee-findet-Anklang.jpg 508w, https:\/\/buergerbahnhof-gauting.de\/wp-content\/uploads\/2019\/07\/MM-STA-17.07.19-Genossenschaftsidee-findet-Anklang-209x300.jpg 209w, https:\/\/buergerbahnhof-gauting.de\/wp-content\/uploads\/2019\/07\/MM-STA-17.07.19-Genossenschaftsidee-findet-Anklang-105x150.jpg 105w\" sizes=\"auto, (max-width: 508px) 100vw, 508px\" \/><\/a><\/p>\n<hr \/>\n<p>28.05.2019<\/p>\n<p><a href=\"http:\/\/buergerbahnhof-gauting.de\/wp-content\/uploads\/2019\/05\/MM-Sta-28.05.19-Viele-Ideen-f\u00fcr-alten-Bahnhof.jpg\"><img loading=\"lazy\" decoding=\"async\" class=\"aligncenter size-full wp-image-295\" src=\"http:\/\/buergerbahnhof-gauting.de\/wp-content\/uploads\/2019\/05\/MM-Sta-28.05.19-Viele-Ideen-f\u00fcr-alten-Bahnhof.jpg\" alt=\"\" width=\"344\" height=\"839\" srcset=\"https:\/\/buergerbahnhof-gauting.de\/wp-content\/uploads\/2019\/05\/MM-Sta-28.05.19-Viele-Ideen-f\u00fcr-alten-Bahnhof.jpg 344w, https:\/\/buergerbahnhof-gauting.de\/wp-content\/uploads\/2019\/05\/MM-Sta-28.05.19-Viele-Ideen-f\u00fcr-alten-Bahnhof-123x300.jpg 123w, https:\/\/buergerbahnhof-gauting.de\/wp-content\/uploads\/2019\/05\/MM-Sta-28.05.19-Viele-Ideen-f\u00fcr-alten-Bahnhof-62x150.jpg 62w\" sizes=\"auto, (max-width: 344px) 100vw, 344px\" \/><\/a><\/p>\n<hr \/>\n<p>06.04.2019<\/p>\n<p><a href=\"http:\/\/buergerbahnhof-gauting.de\/wp-content\/uploads\/2019\/04\/WA-6.4.19-Als-historischen-Ortsmittelpunkt-erhalten.jpg\"><img loading=\"lazy\" decoding=\"async\" class=\"alignnone size-large wp-image-283\" src=\"http:\/\/buergerbahnhof-gauting.de\/wp-content\/uploads\/2019\/04\/WA-6.4.19-Als-historischen-Ortsmittelpunkt-erhalten-1024x710.jpg\" alt=\"\" width=\"700\" height=\"485\" srcset=\"https:\/\/buergerbahnhof-gauting.de\/wp-content\/uploads\/2019\/04\/WA-6.4.19-Als-historischen-Ortsmittelpunkt-erhalten-1024x710.jpg 1024w, https:\/\/buergerbahnhof-gauting.de\/wp-content\/uploads\/2019\/04\/WA-6.4.19-Als-historischen-Ortsmittelpunkt-erhalten-300x208.jpg 300w, https:\/\/buergerbahnhof-gauting.de\/wp-content\/uploads\/2019\/04\/WA-6.4.19-Als-historischen-Ortsmittelpunkt-erhalten-768x532.jpg 768w, https:\/\/buergerbahnhof-gauting.de\/wp-content\/uploads\/2019\/04\/WA-6.4.19-Als-historischen-Ortsmittelpunkt-erhalten-150x104.jpg 150w, https:\/\/buergerbahnhof-gauting.de\/wp-content\/uploads\/2019\/04\/WA-6.4.19-Als-historischen-Ortsmittelpunkt-erhalten.jpg 1249w\" sizes=\"auto, (max-width: 700px) 100vw, 700px\" \/><\/a><\/p>\n<hr \/>\n<p>03.04.2019 Pressemitteilung Nr. 1<\/p>\n<p><a href=\"http:\/\/buergerbahnhof-gauting.de\/wp-content\/uploads\/2019\/04\/B\u00fcrgerbahnhof-Gauting-Pressemitteilung-Nr.-1.pdf\"><img loading=\"lazy\" decoding=\"async\" class=\"alignnone size-large wp-image-264\" src=\"http:\/\/buergerbahnhof-gauting.de\/wp-content\/uploads\/2019\/04\/B\u00fcrgerbahnhof-Gauting-Pressemitteilung-Nr.-1_Seite_1-724x1024.jpg\" alt=\"\" width=\"700\" height=\"990\" srcset=\"https:\/\/buergerbahnhof-gauting.de\/wp-content\/uploads\/2019\/04\/B\u00fcrgerbahnhof-Gauting-Pressemitteilung-Nr.-1_Seite_1-724x1024.jpg 724w, https:\/\/buergerbahnhof-gauting.de\/wp-content\/uploads\/2019\/04\/B\u00fcrgerbahnhof-Gauting-Pressemitteilung-Nr.-1_Seite_1-212x300.jpg 212w, https:\/\/buergerbahnhof-gauting.de\/wp-content\/uploads\/2019\/04\/B\u00fcrgerbahnhof-Gauting-Pressemitteilung-Nr.-1_Seite_1-768x1086.jpg 768w, https:\/\/buergerbahnhof-gauting.de\/wp-content\/uploads\/2019\/04\/B\u00fcrgerbahnhof-Gauting-Pressemitteilung-Nr.-1_Seite_1-106x150.jpg 106w, https:\/\/buergerbahnhof-gauting.de\/wp-content\/uploads\/2019\/04\/B\u00fcrgerbahnhof-Gauting-Pressemitteilung-Nr.-1_Seite_1.jpg 1241w\" sizes=\"auto, (max-width: 700px) 100vw, 700px\" \/><\/a><\/p>\n<hr \/>\n<p>SZ 29.03.2019 Leserbrief<\/p>\n<p><a href=\"http:\/\/buergerbahnhof-gauting.de\/wp-content\/uploads\/2019\/03\/SZ-29.03.19-Leserbrief-Genossenschaft-noch-sehr-wolkig.pdf\"><img loading=\"lazy\" decoding=\"async\" class=\"alignnone wp-image-251\" src=\"http:\/\/buergerbahnhof-gauting.de\/wp-content\/uploads\/2019\/03\/SZ-29.03.19-Leserbrief-Genossenschaft-noch-sehr-wolkig_Seite_1-724x1024.jpg\" alt=\"\" width=\"325\" height=\"459\" srcset=\"https:\/\/buergerbahnhof-gauting.de\/wp-content\/uploads\/2019\/03\/SZ-29.03.19-Leserbrief-Genossenschaft-noch-sehr-wolkig_Seite_1-724x1024.jpg 724w, https:\/\/buergerbahnhof-gauting.de\/wp-content\/uploads\/2019\/03\/SZ-29.03.19-Leserbrief-Genossenschaft-noch-sehr-wolkig_Seite_1-212x300.jpg 212w, https:\/\/buergerbahnhof-gauting.de\/wp-content\/uploads\/2019\/03\/SZ-29.03.19-Leserbrief-Genossenschaft-noch-sehr-wolkig_Seite_1-768x1086.jpg 768w, https:\/\/buergerbahnhof-gauting.de\/wp-content\/uploads\/2019\/03\/SZ-29.03.19-Leserbrief-Genossenschaft-noch-sehr-wolkig_Seite_1-106x150.jpg 106w, https:\/\/buergerbahnhof-gauting.de\/wp-content\/uploads\/2019\/03\/SZ-29.03.19-Leserbrief-Genossenschaft-noch-sehr-wolkig_Seite_1.jpg 1241w\" sizes=\"auto, (max-width: 325px) 100vw, 325px\" \/><\/a><\/p>\n<p>f\u00fcr vollst\u00e4ndiges PDF-Dokument bitte auf die Grafik klicken<\/p>\n<p>SZ 25.03.2019<br \/>\n<a href=\"http:\/\/buergerbahnhof-gauting.de\/wp-content\/uploads\/2019\/03\/SZ-25.03.19-Genossenschaft-soll-Bahnhof-retten.jpg\"><img loading=\"lazy\" decoding=\"async\" class=\"aligncenter wp-image-229 size-large\" src=\"http:\/\/buergerbahnhof-gauting.de\/wp-content\/uploads\/2019\/03\/SZ-25.03.19-Genossenschaft-soll-Bahnhof-retten-929x1024.jpg\" alt=\"\" width=\"700\" height=\"772\" srcset=\"https:\/\/buergerbahnhof-gauting.de\/wp-content\/uploads\/2019\/03\/SZ-25.03.19-Genossenschaft-soll-Bahnhof-retten-929x1024.jpg 929w, https:\/\/buergerbahnhof-gauting.de\/wp-content\/uploads\/2019\/03\/SZ-25.03.19-Genossenschaft-soll-Bahnhof-retten-272x300.jpg 272w, https:\/\/buergerbahnhof-gauting.de\/wp-content\/uploads\/2019\/03\/SZ-25.03.19-Genossenschaft-soll-Bahnhof-retten-768x846.jpg 768w, https:\/\/buergerbahnhof-gauting.de\/wp-content\/uploads\/2019\/03\/SZ-25.03.19-Genossenschaft-soll-Bahnhof-retten-136x150.jpg 136w, https:\/\/buergerbahnhof-gauting.de\/wp-content\/uploads\/2019\/03\/SZ-25.03.19-Genossenschaft-soll-Bahnhof-retten.jpg 1548w\" sizes=\"auto, (max-width: 700px) 100vw, 700px\" \/><\/a><\/p>\n<p><a href=\"http:\/\/buergerbahnhof-gauting.de\/wp-content\/uploads\/2017\/03\/SZ-STA-26.01.17-B%C3%BCrgerbahnhof-st%C3%B6%C3%9Ft-auf-Begeisterung.pdf\"><img loading=\"lazy\" decoding=\"async\" class=\"wp-image-110 size-large aligncenter\" src=\"http:\/\/buergerbahnhof-gauting.de\/wp-content\/uploads\/2017\/03\/SZ-STA-26.01.17-B\u00fcrgerbahnhof-st\u00f6\u00dft-auf-Begeisterung-1024x724.jpg\" width=\"690\" height=\"488\" srcset=\"https:\/\/buergerbahnhof-gauting.de\/wp-content\/uploads\/2017\/03\/SZ-STA-26.01.17-B\u00fcrgerbahnhof-st\u00f6\u00dft-auf-Begeisterung-1024x724.jpg 1024w, https:\/\/buergerbahnhof-gauting.de\/wp-content\/uploads\/2017\/03\/SZ-STA-26.01.17-B\u00fcrgerbahnhof-st\u00f6\u00dft-auf-Begeisterung-300x212.jpg 300w, https:\/\/buergerbahnhof-gauting.de\/wp-content\/uploads\/2017\/03\/SZ-STA-26.01.17-B\u00fcrgerbahnhof-st\u00f6\u00dft-auf-Begeisterung-768x543.jpg 768w, https:\/\/buergerbahnhof-gauting.de\/wp-content\/uploads\/2017\/03\/SZ-STA-26.01.17-B\u00fcrgerbahnhof-st\u00f6\u00dft-auf-Begeisterung-212x150.jpg 212w, https:\/\/buergerbahnhof-gauting.de\/wp-content\/uploads\/2017\/03\/SZ-STA-26.01.17-B\u00fcrgerbahnhof-st\u00f6\u00dft-auf-Begeisterung.jpg 1755w\" sizes=\"auto, (max-width: 690px) 100vw, 690px\" \/><\/a><\/p>\n<p><a href=\"http:\/\/buergerbahnhof-gauting.de\/wp-content\/uploads\/2017\/03\/SZ-STA-23.01.17-Gedankenspiele-um-den-bahnhof.pdf\"><img loading=\"lazy\" decoding=\"async\" class=\"wp-image-109 size-large aligncenter\" src=\"http:\/\/buergerbahnhof-gauting.de\/wp-content\/uploads\/2017\/03\/SZ-STA-23.01.17-Gedankenspiele-um-den-bahnhof-724x1024.jpg\" width=\"690\" height=\"976\" srcset=\"https:\/\/buergerbahnhof-gauting.de\/wp-content\/uploads\/2017\/03\/SZ-STA-23.01.17-Gedankenspiele-um-den-bahnhof-724x1024.jpg 724w, https:\/\/buergerbahnhof-gauting.de\/wp-content\/uploads\/2017\/03\/SZ-STA-23.01.17-Gedankenspiele-um-den-bahnhof-212x300.jpg 212w, https:\/\/buergerbahnhof-gauting.de\/wp-content\/uploads\/2017\/03\/SZ-STA-23.01.17-Gedankenspiele-um-den-bahnhof-768x1086.jpg 768w, https:\/\/buergerbahnhof-gauting.de\/wp-content\/uploads\/2017\/03\/SZ-STA-23.01.17-Gedankenspiele-um-den-bahnhof-106x150.jpg 106w, https:\/\/buergerbahnhof-gauting.de\/wp-content\/uploads\/2017\/03\/SZ-STA-23.01.17-Gedankenspiele-um-den-bahnhof.jpg 1241w\" sizes=\"auto, (max-width: 690px) 100vw, 690px\" \/><\/a><\/p>\n<p>&nbsp;<\/p>\n","protected":false},"excerpt":{"rendered":"<p>05.02.2020 SZ STA 30.01.2020\u00a0 MM STA 10.10.2019 SZ STA 17.07.2019 17.07.2019 28.05.2019 06.04.2019 03.04.2019 Pressemitteilung Nr. 1 SZ 29.03.2019 Leserbrief f\u00fcr vollst\u00e4ndiges PDF-Dokument bitte auf die Grafik klicken SZ 25.03.2019 &nbsp;<\/p>\n<p> <a class=\"continue-reading-link\" href=\"https:\/\/buergerbahnhof-gauting.de\/?page_id=106\"><span>weiterlesen<\/span><i class=\"crycon-right-dir\"><\/i><\/a> <\/p>\n","protected":false},"author":1,"featured_media":0,"parent":0,"menu_order":0,"comment_status":"closed","ping_status":"closed","template":"","meta":{"footnotes":""},"class_list":["post-106","page","type-page","status-publish","hentry"],"_links":{"self":[{"href":"https:\/\/buergerbahnhof-gauting.de\/index.php?rest_route=\/wp\/v2\/pages\/106","targetHints":{"allow":["GET"]}}],"collection":[{"href":"https:\/\/buergerbahnhof-gauting.de\/index.php?rest_route=\/wp\/v2\/pages"}],"about":[{"href":"https:\/\/buergerbahnhof-gauting.de\/index.php?rest_route=\/wp\/v2\/types\/page"}],"author":[{"embeddable":true,"href":"https:\/\/buergerbahnhof-gauting.de\/index.php?rest_route=\/wp\/v2\/users\/1"}],"replies":[{"embeddable":true,"href":"https:\/\/buergerbahnhof-gauting.de\/index.php?rest_route=%2Fwp%2Fv2%2Fcomments&post=106"}],"version-history":[{"count":21,"href":"https:\/\/buergerbahnhof-gauting.de\/index.php?rest_route=\/wp\/v2\/pages\/106\/revisions"}],"predecessor-version":[{"id":342,"href":"https:\/\/buergerbahnhof-gauting.de\/index.php?rest_route=\/wp\/v2\/pages\/106\/revisions\/342"}],"wp:attachment":[{"href":"https:\/\/buergerbahnhof-gauting.de\/index.php?rest_route=%2Fwp%2Fv2%2Fmedia&parent=106"}],"curies":[{"name":"wp","href":"https:\/\/api.w.org\/{rel}","templated":true}]}}