{"id":121,"date":"2017-03-03T10:37:12","date_gmt":"2017-03-03T10:37:12","guid":{"rendered":"http:\/\/buergerbahnhof-gauting.de\/?page_id=121"},"modified":"2020-01-30T09:55:41","modified_gmt":"2020-01-30T08:55:41","slug":"planung-2","status":"publish","type":"page","link":"https:\/\/buergerbahnhof-gauting.de\/?page_id=121","title":{"rendered":"Planung"},"content":{"rendered":"<p>Wir freuen uns, dass in allen Planungen des st\u00e4dtebaulichen Wettbewerbs der B\u00fcrgerbahnhof bzw. Kulturbahnhof erw\u00e4hnt und enthalten ist. Der Erhalt des Bahnhofs ist also st\u00e4dtebaulich gewollt.<\/p>\n<p>Mit einem Gemeinderatsbeschluss Ende Januar 2020 wurde eine zwischenzeitliche optische Versch\u00f6nerung beschlossen und somit der fr\u00fchere Abrissbeschluss auch offiziell aufgehoben.<\/p>\n<p>Der n\u00e4chste Schritt wird sein, mit den Planern in Kontakt zu treten, um eine detailliertere Vorplanung zu erstellen, die unsere Vorstellungen ber\u00fccksichtigt und gleichzeitig die Ziele der st\u00e4dtebaulichen Planung beinhaltet.<\/p>\n<p>Wir haben diese n\u00e4chste Phase einvernehmlich mit B\u00fcrgermeisterin Dr. K\u00f6ssinger bis nach der Kommunalwahl 2020 verschoben. Ein Moratorium macht Sinn. Erstens, um die anstehenden Planungen zusammen mit dem neugew\u00e4hlten Gemeinderat anzupacken und zweitens, damit der B\u00fcrgerbahnhof nicht Inhalt des Kommunalwahlkampfes wird und evtl. dadurch Schaden nimmt.<\/p>\n<p>Hier werden wir in K\u00fcrze den Fortschritt der Planungen dokumentieren und die Gr\u00fcndung einer B\u00fcrgerbahnhof-Genossenschaft wird in Angriff genommen.<\/p>\n","protected":false},"excerpt":{"rendered":"<p>Wir freuen uns, dass in allen Planungen des st\u00e4dtebaulichen Wettbewerbs der B\u00fcrgerbahnhof bzw. Kulturbahnhof erw\u00e4hnt und enthalten ist. Der Erhalt des Bahnhofs ist also st\u00e4dtebaulich gewollt. Mit einem Gemeinderatsbeschluss Ende Januar 2020 wurde eine zwischenzeitliche optische Versch\u00f6nerung beschlossen und somit der fr\u00fchere Abrissbeschluss auch offiziell aufgehoben. Der n\u00e4chste Schritt wird\u2026<\/p>\n<p> <a class=\"continue-reading-link\" href=\"https:\/\/buergerbahnhof-gauting.de\/?page_id=121\"><span>weiterlesen<\/span><i class=\"crycon-right-dir\"><\/i><\/a> <\/p>\n","protected":false},"author":1,"featured_media":0,"parent":0,"menu_order":0,"comment_status":"closed","ping_status":"closed","template":"","meta":{"footnotes":""},"class_list":["post-121","page","type-page","status-publish","hentry"],"_links":{"self":[{"href":"https:\/\/buergerbahnhof-gauting.de\/index.php?rest_route=\/wp\/v2\/pages\/121","targetHints":{"allow":["GET"]}}],"collection":[{"href":"https:\/\/buergerbahnhof-gauting.de\/index.php?rest_route=\/wp\/v2\/pages"}],"about":[{"href":"https:\/\/buergerbahnhof-gauting.de\/index.php?rest_route=\/wp\/v2\/types\/page"}],"author":[{"embeddable":true,"href":"https:\/\/buergerbahnhof-gauting.de\/index.php?rest_route=\/wp\/v2\/users\/1"}],"replies":[{"embeddable":true,"href":"https:\/\/buergerbahnhof-gauting.de\/index.php?rest_route=%2Fwp%2Fv2%2Fcomments&post=121"}],"version-history":[{"count":4,"href":"https:\/\/buergerbahnhof-gauting.de\/index.php?rest_route=\/wp\/v2\/pages\/121\/revisions"}],"predecessor-version":[{"id":340,"href":"https:\/\/buergerbahnhof-gauting.de\/index.php?rest_route=\/wp\/v2\/pages\/121\/revisions\/340"}],"wp:attachment":[{"href":"https:\/\/buergerbahnhof-gauting.de\/index.php?rest_route=%2Fwp%2Fv2%2Fmedia&parent=121"}],"curies":[{"name":"wp","href":"https:\/\/api.w.org\/{rel}","templated":true}]}}